{"id":79,"date":"2021-11-13T23:34:19","date_gmt":"2021-11-13T22:34:19","guid":{"rendered":"http:\/\/www.metoopolitique.fr\/?page_id=79"},"modified":"2021-11-15T14:57:46","modified_gmt":"2021-11-15T13:57:46","slug":"revue-de-presse","status":"publish","type":"page","link":"https:\/\/metoopolitique.groupe.info\/?page_id=79","title":{"rendered":"Revue de presse"},"content":{"rendered":"\n\n\n<div class=\"wp-block-media-text alignwide is-stacked-on-mobile\"><figure class=\"wp-block-media-text__media\"><img loading=\"lazy\" decoding=\"async\" width=\"828\" height=\"592\" src=\"http:\/\/www.metoopolitique.fr\/wp-content\/uploads\/2021\/11\/AN-LE-MONDE.png\" alt=\"\" class=\"wp-image-249 size-full\" srcset=\"https:\/\/metoopolitique.groupe.info\/wp-content\/uploads\/2021\/11\/AN-LE-MONDE.png 828w, https:\/\/metoopolitique.groupe.info\/wp-content\/uploads\/2021\/11\/AN-LE-MONDE-300x214.png 300w, https:\/\/metoopolitique.groupe.info\/wp-content\/uploads\/2021\/11\/AN-LE-MONDE-768x549.png 768w\" sizes=\"auto, (max-width: 828px) 100vw, 828px\" \/><\/figure><div class=\"wp-block-media-text__content\">\n<h1 class=\"has-tiles-xs-font-size wp-block-heading\" id=\"nous-exigeons-que-le-monde-politique-prenne-enfin-en-compte-le-mouvement-metoo\"><br><a href=\"https:\/\/www.lemonde.fr\/idees\/article\/2021\/11\/15\/nous-exigeons-que-le-monde-politique-prenne-enfin-en-compte-le-mouvement-metoo_6102086_3232.html\">\u00ab&nbsp;Nous exigeons que le monde politique prenne enfin en compte le mouvement #metoo&nbsp;\u00bb<\/a><\/h1>\n\n\n\n<p><a href=\"https:\/\/www.lemonde.fr\/idees\/article\/2021\/11\/15\/nous-exigeons-que-le-monde-politique-prenne-enfin-en-compte-le-mouvement-metoo_6102086_3232.html\">Collectif. Il faut \u00ab&nbsp;\u00e9carter les auteurs de violences sexuelles et sexistes&nbsp;\u00bb de la vie politique, r\u00e9clament 285&nbsp;femmes travaillant dans le milieu politique et universitaire, dont les d\u00e9put\u00e9es Karima Delli (EELV) et Dani\u00e8le Obono (LFI) et la vice-pr\u00e9sidente du S\u00e9nat (PS) Laurence Rossignol, dans une tribune au \u00ab&nbsp;Monde&nbsp;\u00bb.<\/a><\/p>\n<\/div><\/div>\n\n\n\n<div class=\"wp-block-media-text alignwide is-stacked-on-mobile\" style=\"grid-template-columns:51% auto\"><figure class=\"wp-block-media-text__media\"><img loading=\"lazy\" decoding=\"async\" width=\"1024\" height=\"619\" src=\"http:\/\/www.metoopolitique.fr\/wp-content\/uploads\/2021\/11\/assemblee-1024x619.png\" alt=\"\" class=\"wp-image-247 size-full\" srcset=\"https:\/\/metoopolitique.groupe.info\/wp-content\/uploads\/2021\/11\/assemblee-1024x619.png 1024w, https:\/\/metoopolitique.groupe.info\/wp-content\/uploads\/2021\/11\/assemblee-300x181.png 300w, https:\/\/metoopolitique.groupe.info\/wp-content\/uploads\/2021\/11\/assemblee-768x465.png 768w, https:\/\/metoopolitique.groupe.info\/wp-content\/uploads\/2021\/11\/assemblee.png 1177w\" sizes=\"auto, (max-width: 1024px) 100vw, 1024px\" \/><\/figure><div class=\"wp-block-media-text__content\">\n<h1 class=\"has-tiles-xs-font-size wp-block-heading\" id=\"violences-sexuelles-et-sexistes-250-femmes-engagees-en-politique-signent-une-tribune-pour-un-metoo-politique\"><strong><a href=\"https:\/\/www.francetvinfo.fr\/societe\/harcelement-sexuel\/violences-sexuelles-et-sexistes-250-femmes-engagees-en-politique-signent-une-tribune-pour-un-metoo-politique_4844589.html\">Violences sexuelles et sexistes : 250 femmes engag\u00e9es en politique signent une tribune \u00ab\u00a0pour un #MeToo politique\u00a0\u00bb<\/a><\/strong><\/h1>\n\n\n\n<p><a href=\"https:\/\/www.francetvinfo.fr\/societe\/harcelement-sexuel\/violences-sexuelles-et-sexistes-250-femmes-engagees-en-politique-signent-une-tribune-pour-un-metoo-politique_4844589.html\">Les signataires&nbsp;veulent que \u00ab\u00a0les agresseurs sexuels [n&rsquo;aient] pas leur place aux \u00e9lections de 2022\u00a0\u00bb, la pr\u00e9sidentielle et les l\u00e9gislatives qui auront lieu au printemps.<\/a><\/p>\n<\/div><\/div>\n\n\n\n<div class=\"wp-block-media-text alignwide is-stacked-on-mobile\"><figure class=\"wp-block-media-text__media\"><img loading=\"lazy\" decoding=\"async\" width=\"922\" height=\"550\" src=\"http:\/\/www.metoopolitique.fr\/wp-content\/uploads\/2021\/11\/metoo-politique.png\" alt=\"\" class=\"wp-image-251 size-full\" srcset=\"https:\/\/metoopolitique.groupe.info\/wp-content\/uploads\/2021\/11\/metoo-politique.png 922w, https:\/\/metoopolitique.groupe.info\/wp-content\/uploads\/2021\/11\/metoo-politique-300x179.png 300w, https:\/\/metoopolitique.groupe.info\/wp-content\/uploads\/2021\/11\/metoo-politique-768x458.png 768w\" sizes=\"auto, (max-width: 922px) 100vw, 922px\" \/><\/figure><div class=\"wp-block-media-text__content\">\n<p><a href=\"https:\/\/www.francebleu.fr\/infos\/politique\/des-elues-franciliennes-signent-une-tribune-appelant-a-un-metoo-politique-1636922774\">Plus d&rsquo;une cinquantaine d&rsquo;\u00e9lues franciliennes se joignent \u00e0 une tribune pour demander un #MeToo politique. Publi\u00e9e ce lundi 15 novembre dans le journal Le Monde, cette tribune appelle les partis et les \u00e9lus \u00e0 \u00e9carter les auteurs de violences sexistes et sexuelles du monde politique.<\/a> France Bleu Paris.<\/p>\n<\/div><\/div>\n\n\n\n<div class=\"wp-block-media-text alignwide is-stacked-on-mobile\"><figure class=\"wp-block-media-text__media\"><img loading=\"lazy\" decoding=\"async\" width=\"926\" height=\"655\" src=\"http:\/\/www.metoopolitique.fr\/wp-content\/uploads\/2021\/11\/Capture-decran-2021-11-15-092609.png\" alt=\"\" class=\"wp-image-253 size-full\" srcset=\"https:\/\/metoopolitique.groupe.info\/wp-content\/uploads\/2021\/11\/Capture-decran-2021-11-15-092609.png 926w, https:\/\/metoopolitique.groupe.info\/wp-content\/uploads\/2021\/11\/Capture-decran-2021-11-15-092609-300x212.png 300w, https:\/\/metoopolitique.groupe.info\/wp-content\/uploads\/2021\/11\/Capture-decran-2021-11-15-092609-768x543.png 768w\" sizes=\"auto, (max-width: 926px) 100vw, 926px\" \/><\/figure><div class=\"wp-block-media-text__content\">\n<p><a href=\"https:\/\/france3-regions.francetvinfo.fr\/hauts-de-france\/pour-un-metoo-politique-286-femmes-politiques-refusent-de-voir-des-agresseurs-sexuels-aux-elections-2022-2334199.html\">Elues, collaboratrices, militantes&#8230; 286 femmes signent une tribune refusant de faire de la place pour les agresseurs sexuels lors des \u00e9lections pr\u00e9sidentielle et l\u00e9gislatives de 2022. Parmi elles, 14 personnalit\u00e9s politiques des Hauts-de-France.<\/a> France 3 Hauts-de-France.<\/p>\n<\/div><\/div>\n\n\n\n<div class=\"wp-block-media-text alignwide is-stacked-on-mobile\"><figure class=\"wp-block-media-text__media\"><img loading=\"lazy\" decoding=\"async\" width=\"1024\" height=\"578\" src=\"http:\/\/www.metoopolitique.fr\/wp-content\/uploads\/2021\/11\/Depeche-AN-1024x578.png\" alt=\"\" class=\"wp-image-257 size-full\" srcset=\"https:\/\/metoopolitique.groupe.info\/wp-content\/uploads\/2021\/11\/Depeche-AN-1024x578.png 1024w, https:\/\/metoopolitique.groupe.info\/wp-content\/uploads\/2021\/11\/Depeche-AN-300x169.png 300w, https:\/\/metoopolitique.groupe.info\/wp-content\/uploads\/2021\/11\/Depeche-AN-768x433.png 768w, https:\/\/metoopolitique.groupe.info\/wp-content\/uploads\/2021\/11\/Depeche-AN.png 1067w\" sizes=\"auto, (max-width: 1024px) 100vw, 1024px\" \/><\/figure><div class=\"wp-block-media-text__content\">\n<p><a href=\"https:\/\/www.ladepeche.fr\/2021\/11\/15\/violences-sexistes-et-sexuelles-une-tribune-pour-un-metoo-politique-signee-par-285-femmes-engagees-9928620.php\"><br>Ce lundi 15 novembre,&nbsp;285 femmes engag\u00e9es en politique ont sign\u00e9 une tribune publi\u00e9e dans les colonnes du Monde. Elles appellent \u00e0 la cr\u00e9ation d&rsquo;un \u00ab\u00a0#MeToo politique\u00a0\u00bb, pour que \u00ab\u00a0les agresseurs sexuels\u00a0\u00bb n&rsquo;aient \u00ab\u00a0pas leur place aux \u00e9lections de 2022\u00a0\u00bb.<\/a> La d\u00e9p\u00eache.fr<\/p>\n<\/div><\/div>\n\n\n\n<div class=\"wp-block-media-text alignwide is-stacked-on-mobile\"><figure class=\"wp-block-media-text__media\"><img loading=\"lazy\" decoding=\"async\" width=\"828\" height=\"592\" src=\"http:\/\/www.metoopolitique.fr\/wp-content\/uploads\/2021\/11\/AN-LE-MONDE-1.png\" alt=\"\" class=\"wp-image-259 size-full\" srcset=\"https:\/\/metoopolitique.groupe.info\/wp-content\/uploads\/2021\/11\/AN-LE-MONDE-1.png 828w, https:\/\/metoopolitique.groupe.info\/wp-content\/uploads\/2021\/11\/AN-LE-MONDE-1-300x214.png 300w, https:\/\/metoopolitique.groupe.info\/wp-content\/uploads\/2021\/11\/AN-LE-MONDE-1-768x549.png 768w\" sizes=\"auto, (max-width: 828px) 100vw, 828px\" \/><\/figure><div class=\"wp-block-media-text__content\">\n<p><a href=\"https:\/\/www.lepoint.fr\/politique\/violences-sexuelles-l-appel-de-285-femmes-a-un-metoo-politique-15-11-2021-2451948_20.php\">Dans une tribune publi\u00e9e par le journal \u00ab&nbsp;Le Monde&nbsp;\u00bb, ces femmes du monde politique appellent \u00e0 \u00e9carter les auteurs de violences sexuelles. Le Point.<\/a><\/p>\n<\/div><\/div>\n\n\n\n<div class=\"wp-block-media-text alignwide is-stacked-on-mobile\"><figure class=\"wp-block-media-text__media\"><img loading=\"lazy\" decoding=\"async\" width=\"943\" height=\"628\" src=\"http:\/\/www.metoopolitique.fr\/wp-content\/uploads\/2021\/11\/france-inter.png\" alt=\"\" class=\"wp-image-264 size-full\" srcset=\"https:\/\/metoopolitique.groupe.info\/wp-content\/uploads\/2021\/11\/france-inter.png 943w, https:\/\/metoopolitique.groupe.info\/wp-content\/uploads\/2021\/11\/france-inter-300x200.png 300w, https:\/\/metoopolitique.groupe.info\/wp-content\/uploads\/2021\/11\/france-inter-768x511.png 768w\" sizes=\"auto, (max-width: 943px) 100vw, 943px\" \/><\/figure><div class=\"wp-block-media-text__content\">\n<p><a href=\"https:\/\/www.franceinter.fr\/politique\/violences-sexistes-et-sexuelles-l-appel-de-285-femmes-engagees-en-politique-pour-un-metoo-politique\">Dans une tribune publi\u00e9e dans le journal Le Monde ce lundi, 285 femmes travaillant dans le milieu politique ou universitaire appellent \u00e0 \u00e9carter les auteurs de violences sexistes et sexuelles de la vie politique. France Inter.<\/a><\/p>\n<\/div><\/div>\n\n\n\n<div class=\"wp-block-media-text alignwide is-stacked-on-mobile\"><figure class=\"wp-block-media-text__media\"><img loading=\"lazy\" decoding=\"async\" width=\"1024\" height=\"619\" src=\"http:\/\/www.metoopolitique.fr\/wp-content\/uploads\/2021\/11\/assemblee-1-1024x619.png\" alt=\"\" class=\"wp-image-266 size-full\" srcset=\"https:\/\/metoopolitique.groupe.info\/wp-content\/uploads\/2021\/11\/assemblee-1-1024x619.png 1024w, https:\/\/metoopolitique.groupe.info\/wp-content\/uploads\/2021\/11\/assemblee-1-300x181.png 300w, https:\/\/metoopolitique.groupe.info\/wp-content\/uploads\/2021\/11\/assemblee-1-768x465.png 768w, https:\/\/metoopolitique.groupe.info\/wp-content\/uploads\/2021\/11\/assemblee-1.png 1177w\" sizes=\"auto, (max-width: 1024px) 100vw, 1024px\" \/><\/figure><div class=\"wp-block-media-text__content\">\n<p><a href=\"https:\/\/www.leparisien.fr\/societe\/metoo-en-politique-285-femmes-reclament-une-reponse-face-aux-violences-sexuelles-et-sexistes-des-elus-15-11-2021-LS7ZVQLBAFEW5ES3BHB3BTFAMQ.php?ts=1636984200150\" data-type=\"URL\" data-id=\"https:\/\/www.leparisien.fr\/societe\/metoo-en-politique-285-femmes-reclament-une-reponse-face-aux-violences-sexuelles-et-sexistes-des-elus-15-11-2021-LS7ZVQLBAFEW5ES3BHB3BTFAMQ.php?ts=1636984200150\">De Laurence Rossignol \u00e0 Alice Coffin en passant par Dani\u00e8le Obono, pr\u00e8s de 300 femmes politiques et militantes ont sign\u00e9 une tribune, publi\u00e9e ce lundi dans Le Monde, demandant d\u2019 \u00ab \u00e9carter les auteurs de violences sexuelles et sexistes \u00bb de la sph\u00e8re politique. Le Parisien<\/a><\/p>\n<\/div><\/div>\n\n\n\n<div class=\"wp-block-media-text alignwide is-stacked-on-mobile\"><figure class=\"wp-block-media-text__media\"><img loading=\"lazy\" decoding=\"async\" width=\"970\" height=\"627\" src=\"http:\/\/www.metoopolitique.fr\/wp-content\/uploads\/2021\/11\/metoo-tv5.png\" alt=\"\" class=\"wp-image-267 size-full\" srcset=\"https:\/\/metoopolitique.groupe.info\/wp-content\/uploads\/2021\/11\/metoo-tv5.png 970w, https:\/\/metoopolitique.groupe.info\/wp-content\/uploads\/2021\/11\/metoo-tv5-300x194.png 300w, https:\/\/metoopolitique.groupe.info\/wp-content\/uploads\/2021\/11\/metoo-tv5-768x496.png 768w\" sizes=\"auto, (max-width: 970px) 100vw, 970px\" \/><\/figure><div class=\"wp-block-media-text__content\">\n<p><a href=\"https:\/\/information.tv5monde.com\/terriennes\/quand-un-metoo-politique-432495\" data-type=\"URL\" data-id=\"https:\/\/information.tv5monde.com\/terriennes\/quand-un-metoo-politique-432495\">De la \u00ab\u00a0petite blague\u00a0\u00bb sexiste \u00e0 l&rsquo;agression sexuelle, le milieu politique comme tous les autres n&rsquo;\u00e9chappe pas au sexisme et aux violences qu&rsquo;il engendre. 285 femmes lancent un appel \u00e0 un #metoopolitique dans une tribune publi\u00e9e dans le quotidien fran\u00e7ais\u00a0<em>Le Monde<\/em>. A cinq mois de l&rsquo;\u00e9lection pr\u00e9sidentielle; elles r\u00e9clament la fin de l&rsquo;omerta et de l&rsquo;impunit\u00e9 pour les agresseurs.<\/a> TV5 Monde.<\/p>\n<\/div><\/div>\n\n\n\n<div class=\"wp-block-media-text alignwide is-stacked-on-mobile\"><figure class=\"wp-block-media-text__media\"><img loading=\"lazy\" decoding=\"async\" width=\"1024\" height=\"532\" src=\"http:\/\/www.metoopolitique.fr\/wp-content\/uploads\/2021\/11\/lyon-1024x532.png\" alt=\"\" class=\"wp-image-269 size-full\" srcset=\"https:\/\/metoopolitique.groupe.info\/wp-content\/uploads\/2021\/11\/lyon-1024x532.png 1024w, https:\/\/metoopolitique.groupe.info\/wp-content\/uploads\/2021\/11\/lyon-300x156.png 300w, https:\/\/metoopolitique.groupe.info\/wp-content\/uploads\/2021\/11\/lyon-768x399.png 768w, https:\/\/metoopolitique.groupe.info\/wp-content\/uploads\/2021\/11\/lyon.png 1082w\" sizes=\"auto, (max-width: 1024px) 100vw, 1024px\" \/><\/figure><div class=\"wp-block-media-text__content\">\n<p><a href=\"https:\/\/tribunedelyon.fr\/2021\/11\/15\/tribune-metoo-politique-une-dizaine-delues-lyonnaises-signataires\/\">Une dizaine d\u2019\u00e9lues lyonnaises \u00e9cologistes et de gauche ont cosign\u00e9 la tribune #MeToo politique publi\u00e9e par Le Monde ce lundi.<\/a><\/p>\n<\/div><\/div>\n","protected":false},"excerpt":{"rendered":"<p>\u00ab&nbsp;Nous exigeons que le monde politique prenne enfin en compte le mouvement #metoo&nbsp;\u00bb Collectif. Il faut \u00ab&nbsp;\u00e9carter les auteurs de violences sexuelles et sexistes&nbsp;\u00bb de la vie politique, r\u00e9clament 285&nbsp;femmes travaillant dans le milieu politique et universitaire, dont les d\u00e9put\u00e9es Karima Delli (EELV) et Dani\u00e8le Obono (LFI) et la vice-pr\u00e9sidente du S\u00e9nat (PS) Laurence Rossignol, &hellip; <a href=\"https:\/\/metoopolitique.groupe.info\/?page_id=79\" class=\"more-link\">Continuer la lecture de <span class=\"screen-reader-text\">Revue de presse<\/span><\/a><\/p>\n","protected":false},"author":1,"featured_media":0,"parent":107,"menu_order":0,"comment_status":"closed","ping_status":"closed","template":"","meta":{"footnotes":""},"class_list":["post-79","page","type-page","status-publish","hentry"],"uagb_featured_image_src":{"full":false,"thumbnail":false,"medium":false,"medium_large":false,"large":false,"1536x1536":false,"2048x2048":false,"post-thumbnail":false},"uagb_author_info":{"display_name":"metoopolitique","author_link":"https:\/\/metoopolitique.groupe.info\/?author=1"},"uagb_comment_info":0,"uagb_excerpt":"\u00ab&nbsp;Nous exigeons que le monde politique prenne enfin en compte le mouvement #metoo&nbsp;\u00bb Collectif. Il faut \u00ab&nbsp;\u00e9carter les auteurs de violences sexuelles et sexistes&nbsp;\u00bb de la vie politique, r\u00e9clament 285&nbsp;femmes travaillant dans le milieu politique et universitaire, dont les d\u00e9put\u00e9es Karima Delli (EELV) et Dani\u00e8le Obono (LFI) et la vice-pr\u00e9sidente du S\u00e9nat (PS) Laurence Rossignol,\u2026","_links":{"self":[{"href":"https:\/\/metoopolitique.groupe.info\/index.php?rest_route=\/wp\/v2\/pages\/79","targetHints":{"allow":["GET"]}}],"collection":[{"href":"https:\/\/metoopolitique.groupe.info\/index.php?rest_route=\/wp\/v2\/pages"}],"about":[{"href":"https:\/\/metoopolitique.groupe.info\/index.php?rest_route=\/wp\/v2\/types\/page"}],"author":[{"embeddable":true,"href":"https:\/\/metoopolitique.groupe.info\/index.php?rest_route=\/wp\/v2\/users\/1"}],"replies":[{"embeddable":true,"href":"https:\/\/metoopolitique.groupe.info\/index.php?rest_route=%2Fwp%2Fv2%2Fcomments&post=79"}],"version-history":[{"count":11,"href":"https:\/\/metoopolitique.groupe.info\/index.php?rest_route=\/wp\/v2\/pages\/79\/revisions"}],"predecessor-version":[{"id":271,"href":"https:\/\/metoopolitique.groupe.info\/index.php?rest_route=\/wp\/v2\/pages\/79\/revisions\/271"}],"up":[{"embeddable":true,"href":"https:\/\/metoopolitique.groupe.info\/index.php?rest_route=\/wp\/v2\/pages\/107"}],"wp:attachment":[{"href":"https:\/\/metoopolitique.groupe.info\/index.php?rest_route=%2Fwp%2Fv2%2Fmedia&parent=79"}],"curies":[{"name":"wp","href":"https:\/\/api.w.org\/{rel}","templated":true}]}}