{"id":177,"date":"2021-11-14T13:49:02","date_gmt":"2021-11-14T12:49:02","guid":{"rendered":"http:\/\/www.metoopolitique.fr\/?page_id=177"},"modified":"2021-11-14T22:02:35","modified_gmt":"2021-11-14T21:02:35","slug":"vous-pouvez-temoigner-ici","status":"publish","type":"page","link":"https:\/\/metoopolitique.groupe.info\/?page_id=177","title":{"rendered":"Pour t\u00e9moigner, c&rsquo;est l\u00e0"},"content":{"rendered":"\n<p class=\"has-text-color\" style=\"color:#0693e3\">Si vous avez vous-m\u00eame subi des violences sexistes ou sexuelles, vous pouvez t\u00e9moigner de fa\u00e7on <strong>anonyme<\/strong> ou <strong>non<\/strong> sur cette page. <\/p>\n\n\n\n<p class=\"has-text-color\" style=\"color:#0693e3\">Il existe de nombreuses ressources, notamment associatives, que vous pouvez contacter pour vous aider. Certaines d&rsquo;entre elles sont list\u00e9es sous ce formulaire. <\/p>\n\n\n\n<div class=\"wp-block-uagb-forms uagb-forms__outer-wrap uagb-block-e16c5d2d uagb-forms__medium-btn\"><form class=\"uagb-forms-main-form\" method=\"post\" name=\"uagb-form-e16c5d2d\">\n<div class=\"wp-block-uagb-forms-name uagb-forms-name-wrap uagb-forms-field-set uagb-block-636ad97d\"><div class=\"uagb-forms-name-label  uagb-forms-input-label\" id=\"636ad97d\">Pr\u00e9nom<\/div><input type=\"text\" placeholder=\"John\" class=\"uagb-forms-name-input uagb-forms-input\" name=\"636ad97d\"\/><\/div>\n\n\n\n<div class=\"wp-block-uagb-forms-name uagb-forms-name-wrap uagb-forms-field-set uagb-block-0f90182a\"><div class=\"uagb-forms-name-label  uagb-forms-input-label\" id=\"0f90182a\">Nom de Famille<\/div><input type=\"text\" placeholder=\"Doe\" class=\"uagb-forms-name-input uagb-forms-input\" name=\"0f90182a\"\/><\/div>\n\n\n\n<div class=\"wp-block-uagb-forms-email uagb-forms-email-wrap uagb-forms-field-set uagb-block-a8ae662f\"><div class=\"uagb-forms-email-label  uagb-forms-input-label\" id=\"a8ae662f\">E-mail<\/div><input type=\"email\" class=\"uagb-forms-email-input uagb-forms-input\" placeholder=\"exemple@mail.com\" name=\"a8ae662f\"\/><\/div>\n\n\n\n<div class=\"wp-block-uagb-forms-textarea uagb-forms-textarea-wrap uagb-forms-field-set uagb-block-bcb80601\"><div class=\"uagb-forms-textarea-label obligatoire uagb-forms-input-label\" id=\"bcb80601\">Message<\/div><textarea required class=\"uagb-forms-textarea-input uagb-forms-input\" rows=\"4\" placeholder=\"Saisissez votre message\" name=\"bcb80601\"><\/textarea><\/div>\n<div class=\"uagb-forms-form-hidden-data\"><input type=\"hidden\" class=\"uagb_forms_form_label\" value=\"Formulaire UAG\"\/><input type=\"hidden\" class=\"uagb_forms_form_id\" value=\"uagb-form-e16c5d2d\"\/><\/div><div class=\"uagb-forms-main-submit-button-wrap\"><button class=\"uagb-forms-main-submit-button\"><div class=\"uagb-forms-main-submit-button-text\">Envoyer<\/div><\/button><\/div><\/form><div class=\"uagb-forms-success-message-e16c5d2d uagb-forms-submit-message-hide\"><span>Le formulaire a bien \u00e9t\u00e9 envoy\u00e9\u00a0!<\/span><\/div><div class=\"uagb-forms-failed-message-e16c5d2d uagb-forms-submit-message-hide\"><span>Une erreur s\u2019est produite lors de l\u2019envoi du formulaire. Veuillez v\u00e9rifier \u00e0 nouveau tous les champs du formulaire.<\/span><\/div><\/div>\n\n\n\n<p><\/p>\n\n\n\n<p><strong>&#8211; <\/strong><em><strong><a href=\"https:\/\/www.associationenparler.com\/\">L\u2019association \u201cEn Parler\u201d<\/a> <\/strong><\/em>intervient dans l&rsquo;accompagnement des femmes victimes de violences sexuelles, de la prise de parole au d\u00e9p\u00f4t de plainte, et apr\u00e8s.<\/p>\n\n\n\n<p>&#8211; <a href=\"https:\/\/fondationdesfemmes.org\/une-force-juridique\/\"><em><strong>La Fondation des Femmes<\/strong><\/em><\/a> propose un soutien juridique.<\/p>\n\n\n\n<p>&#8211; Si les violences ont lieu sur votre lieu de travail, vous pouvez contacter <strong><em>l\u2019<a href=\"https:\/\/www.avft.org\/\">Association europ\u00e9enne contre les Violences faites aux Femmes au Travail.<\/a><\/em><\/strong><\/p>\n\n\n\n<p>&#8211; <em><strong><a href=\"https:\/\/www.interieur.gouv.fr\/Actualites\/Infos-pratiques\/Signalement-des-violences-sexuelles-et-sexistes\">Le Minist\u00e8re de l\u2019Int\u00e9rieur<\/a> <\/strong><\/em>met \u00e0 disposition un portail de signalement des violences sexuelles et sexistes.<\/p>\n\n\n\n<p><strong><em>L\u2019AVFT &nbsp;(Association europ\u00e9enne contre les violences faites aux femmes au travail<\/em><\/strong>) est l\u2019association \u00e0 contacter en cas de violence sexiste et sexuelle au travail.&nbsp;<\/p>\n\n\n\n<ul class=\"wp-block-list\"><li>Vous pouvez la contacter au&nbsp;<strong>01 45 84 24 24<\/strong>&nbsp;le lundi de 14h \u00e0 17h, et les et vendredi de 9h30 \u00e0 12h30.<\/li><li>Vous pourrez \u00eatre re\u00e7ue pour un rendez-vous.<\/li><li>Son site est&nbsp;<a href=\"http:\/\/avft.org\/\">ici<\/a>.<\/li><\/ul>\n\n\n\n<p><em><strong>Collectif f\u00e9ministe contre le viol&nbsp;<\/strong><\/em><\/p>\n\n\n\n<ul class=\"wp-block-list\"><li>&nbsp;Vous pouvez contacter ce collectif au &nbsp;<strong>0 800 05 95 95&nbsp;<\/strong>(Gratuit depuis un poste fixe).<\/li><li>&nbsp;L\u2019accompagnement se fait par t\u00e9l\u00e9phone du lundi au vendredi de 10 heures \u00e0 19heures.<\/li><\/ul>\n\n\n\n<p><em><strong><br>Un num\u00e9ro national : le 3919&nbsp;\u2013 Violences femmes info<\/strong><\/em><\/p>\n\n\n\n<ul class=\"wp-block-list\"><li><img decoding=\"async\" srcset=\"https:\/\/chaircollaboratrice.files.wordpress.com\/2016\/09\/3919.jpg 172w, https:\/\/chaircollaboratrice.files.wordpress.com\/2016\/09\/3919.jpg?w=150 150w\" src=\"https:\/\/chaircollaboratrice.files.wordpress.com\/2016\/09\/3919.jpg?w=656\" alt=\"3919\">Vous pouvez l\u2019appeler dans tous les cas de violence.<\/li><li>Votre interlocuteur vous orientera vers la structure adapt\u00e9e \u00e0 votre situation.<\/li><li>L\u2019appel est anonyme et gratuit.<\/li><li>7 jours sur 7, 24h\/24.<\/li><\/ul>\n\n\n\n<p><em><strong>Les CIDFF \u2013 Centres d\u2019information sur les droits des femmes et des familles<\/strong><\/em><\/p>\n\n\n\n<ul class=\"wp-block-list\"><li>De tr\u00e8s nombreuses permanences&nbsp;implant\u00e9es sur tout le territoire m\u00e9tropolitain et d\u2019Outre-Mer.<\/li><li>Contact :<a href=\"http:\/\/www.infofemmes.com\/v2\/p\/Contact\/Liste-des-CIDFF\/73\">&nbsp;http:\/\/www.infofemmes.com\/v2\/p\/Contact\/Liste-des-CIDFF\/73<\/a>&nbsp;pour identifier le CIDFF le plus proche.<\/li><\/ul>\n\n\n\n<p><em><strong>A l\u2019Assembl\u00e9e nationale, une cellule de veille a \u00e9t\u00e9 mise en place, afin de lutter contre le harc\u00e8lement, moral et sexuel et les agissements sexiste.<\/strong><\/em><\/p>\n\n\n\n<ul class=\"wp-block-list\"><li>Vous pouvez la contacter au&nbsp;<strong>0 801 825&nbsp;008<\/strong><\/li><\/ul>\n","protected":false},"excerpt":{"rendered":"<p>Si vous avez vous-m\u00eame subi des violences sexistes ou sexuelles, vous pouvez t\u00e9moigner de fa\u00e7on anonyme ou non sur cette page. Il existe de nombreuses ressources, notamment associatives, que vous pouvez contacter pour vous aider. Certaines d&rsquo;entre elles sont list\u00e9es sous ce formulaire. &#8211; L\u2019association \u201cEn Parler\u201d intervient dans l&rsquo;accompagnement des femmes victimes de violences &hellip; <a href=\"https:\/\/metoopolitique.groupe.info\/?page_id=177\" class=\"more-link\">Continuer la lecture de <span class=\"screen-reader-text\">Pour t\u00e9moigner, c&rsquo;est l\u00e0<\/span><\/a><\/p>\n","protected":false},"author":1,"featured_media":0,"parent":107,"menu_order":0,"comment_status":"closed","ping_status":"closed","template":"","meta":{"footnotes":""},"class_list":["post-177","page","type-page","status-publish","hentry"],"uagb_featured_image_src":{"full":false,"thumbnail":false,"medium":false,"medium_large":false,"large":false,"1536x1536":false,"2048x2048":false,"post-thumbnail":false},"uagb_author_info":{"display_name":"metoopolitique","author_link":"https:\/\/metoopolitique.groupe.info\/?author=1"},"uagb_comment_info":0,"uagb_excerpt":"Si vous avez vous-m\u00eame subi des violences sexistes ou sexuelles, vous pouvez t\u00e9moigner de fa\u00e7on anonyme ou non sur cette page. Il existe de nombreuses ressources, notamment associatives, que vous pouvez contacter pour vous aider. Certaines d&rsquo;entre elles sont list\u00e9es sous ce formulaire. &#8211; L\u2019association \u201cEn Parler\u201d intervient dans l&rsquo;accompagnement des femmes victimes de violences\u2026","_links":{"self":[{"href":"https:\/\/metoopolitique.groupe.info\/index.php?rest_route=\/wp\/v2\/pages\/177","targetHints":{"allow":["GET"]}}],"collection":[{"href":"https:\/\/metoopolitique.groupe.info\/index.php?rest_route=\/wp\/v2\/pages"}],"about":[{"href":"https:\/\/metoopolitique.groupe.info\/index.php?rest_route=\/wp\/v2\/types\/page"}],"author":[{"embeddable":true,"href":"https:\/\/metoopolitique.groupe.info\/index.php?rest_route=\/wp\/v2\/users\/1"}],"replies":[{"embeddable":true,"href":"https:\/\/metoopolitique.groupe.info\/index.php?rest_route=%2Fwp%2Fv2%2Fcomments&post=177"}],"version-history":[{"count":6,"href":"https:\/\/metoopolitique.groupe.info\/index.php?rest_route=\/wp\/v2\/pages\/177\/revisions"}],"predecessor-version":[{"id":243,"href":"https:\/\/metoopolitique.groupe.info\/index.php?rest_route=\/wp\/v2\/pages\/177\/revisions\/243"}],"up":[{"embeddable":true,"href":"https:\/\/metoopolitique.groupe.info\/index.php?rest_route=\/wp\/v2\/pages\/107"}],"wp:attachment":[{"href":"https:\/\/metoopolitique.groupe.info\/index.php?rest_route=%2Fwp%2Fv2%2Fmedia&parent=177"}],"curies":[{"name":"wp","href":"https:\/\/api.w.org\/{rel}","templated":true}]}}